{"id":861,"date":"2024-12-13T03:12:06","date_gmt":"2024-12-13T08:12:06","guid":{"rendered":"https:\/\/nkdocanada.ca\/programmes-de-mentorat\/"},"modified":"2026-02-27T12:34:30","modified_gmt":"2026-02-27T17:34:30","slug":"programmes-de-mentorat","status":"publish","type":"page","link":"https:\/\/nkdocanada.ca\/fr\/programmes-de-mentorat\/","title":{"rendered":"Programmes de mentorat"},"content":{"rendered":"\t\t<div data-elementor-type=\"wp-page\" data-elementor-id=\"861\" class=\"elementor elementor-861 elementor-119\" data-elementor-post-type=\"page\">\n\t\t\t\t<div class=\"elementor-element elementor-element-69e21fb8 e-flex e-con-boxed e-con e-parent\" data-id=\"69e21fb8\" data-element_type=\"container\" data-e-type=\"container\">\n\t\t\t\t\t<div class=\"e-con-inner\">\n\t\t\t\t<div class=\"elementor-element elementor-element-3cb5609c elementor-widget elementor-widget-text-editor\" data-id=\"3cb5609c\" data-element_type=\"widget\" data-e-type=\"widget\" data-widget_type=\"text-editor.default\">\n\t\t\t\t\t\t\t\t\t<p>Notre programme de mentorat contribue \u00e0 former les donneurs de rein vivants potentiels et \u00e0 soutenir les receveurs de rein pleins d&rsquo;espoir. Les candidats au don qui ont un mentor de la NKDO ont trois fois plus de chances de faire un don qu&rsquo;un candidat qui n&rsquo;en a pas.<br>Tous nos mentors sont des donneurs ou des receveurs de rein vivants qui ont suivi notre programme de formation. Ils peuvent r\u00e9pondre \u00e0 vos questions non m\u00e9dicales sur le processus de d\u00e9pistage, de don et de r\u00e9tablissement et vous apporter soutien et r\u00e9confort tout au long de votre parcours.<\/p>\t\t\t\t\t\t\t\t<\/div>\n\t\t\t\t\t<\/div>\n\t\t\t\t<\/div>\n\t\t<div class=\"elementor-element elementor-element-d400628 e-flex e-con-boxed e-con e-parent\" data-id=\"d400628\" data-element_type=\"container\" data-e-type=\"container\">\n\t\t\t\t\t<div class=\"e-con-inner\">\n\t\t<div class=\"elementor-element elementor-element-fa431f9 e-con-full e-flex e-con e-child\" data-id=\"fa431f9\" data-element_type=\"container\" data-e-type=\"container\">\n\t\t\t\t<div class=\"elementor-element elementor-element-1f42b7d elementor-widget elementor-widget-text-editor\" data-id=\"1f42b7d\" data-element_type=\"widget\" data-e-type=\"widget\" data-widget_type=\"text-editor.default\">\n\t\t\t\t\t\t\t\t\t<h2>Int\u00e9ress\u00e9 par le mentorat<\/h2><p>Vous souhaitez devenir mentor ou vous entretenir avec l&rsquo;un de nos mentors qui pourra r\u00e9pondre \u00e0 vos questions et vous guider tout au long de votre parcours ? Saisissez vos coordonn\u00e9es ci-dessous et un membre de notre \u00e9quipe vous contactera.<\/p>\t\t\t\t\t\t\t\t<\/div>\n\t\t\t\t<div class=\"elementor-element elementor-element-e85ce0d elementor-button-align-stretch elementor-widget elementor-widget-form\" data-id=\"e85ce0d\" data-element_type=\"widget\" data-e-type=\"widget\" data-settings=\"{&quot;step_next_label&quot;:&quot;Suivant&quot;,&quot;step_previous_label&quot;:&quot;Pr\\u00e9c\\u00e9dent&quot;,&quot;button_width&quot;:&quot;100&quot;,&quot;step_type&quot;:&quot;number_text&quot;,&quot;step_icon_shape&quot;:&quot;circle&quot;}\" data-widget_type=\"form.default\">\n\t\t\t\t\t\t\t<form class=\"elementor-form\" method=\"post\" name=\"Formulaire de mentorat\" aria-label=\"Formulaire de mentorat\">\n\t\t\t<input type=\"hidden\" name=\"post_id\" value=\"861\"\/>\n\t\t\t<input type=\"hidden\" name=\"form_id\" value=\"e85ce0d\"\/>\n\t\t\t<input type=\"hidden\" name=\"referer_title\" value=\"Programmes de mentorat &#045; NKDO Canada\" \/>\n\n\t\t\t\t\t\t\t<input type=\"hidden\" name=\"queried_id\" value=\"861\"\/>\n\t\t\t\n\t\t\t<div class=\"elementor-form-fields-wrapper elementor-labels-above\">\n\t\t\t\t\t\t\t\t<div class=\"elementor-field-type-text\">\n\t\t\t\t\t<input size=\"1\" type=\"text\" name=\"form_fields[field_0adbf16]\" id=\"form-field-field_0adbf16\" class=\"elementor-field elementor-size-sm \" style=\"display:none !important;\">\t\t\t\t<\/div>\n\t\t\t\t\t\t\t\t<div class=\"elementor-field-type-text elementor-field-group elementor-column elementor-field-group-first_name elementor-col-50 elementor-field-required\">\n\t\t\t\t\t\t\t\t\t\t\t\t<label for=\"form-field-first_name\" class=\"elementor-field-label\">\n\t\t\t\t\t\t\t\tPr\u00e9nom\t\t\t\t\t\t\t<\/label>\n\t\t\t\t\t\t\t\t\t\t\t\t\t\t<input size=\"1\" type=\"text\" name=\"form_fields[first_name]\" id=\"form-field-first_name\" class=\"elementor-field elementor-size-sm  elementor-field-textual\" placeholder=\"Pr\u00e9nom\" required=\"required\">\n\t\t\t\t\t\t\t\t\t\t\t<\/div>\n\t\t\t\t\t\t\t\t<div class=\"elementor-field-type-text elementor-field-group elementor-column elementor-field-group-last_name elementor-col-50 elementor-field-required\">\n\t\t\t\t\t\t\t\t\t\t\t\t<label for=\"form-field-last_name\" class=\"elementor-field-label\">\n\t\t\t\t\t\t\t\tNom de famille\t\t\t\t\t\t\t<\/label>\n\t\t\t\t\t\t\t\t\t\t\t\t\t\t<input size=\"1\" type=\"text\" name=\"form_fields[last_name]\" id=\"form-field-last_name\" class=\"elementor-field elementor-size-sm  elementor-field-textual\" placeholder=\"Nom de famille\" required=\"required\">\n\t\t\t\t\t\t\t\t\t\t\t<\/div>\n\t\t\t\t\t\t\t\t<div class=\"elementor-field-type-email elementor-field-group elementor-column elementor-field-group-email elementor-col-100 elementor-field-required\">\n\t\t\t\t\t\t\t\t\t\t\t\t<label for=\"form-field-email\" class=\"elementor-field-label\">\n\t\t\t\t\t\t\t\tCourriel\t\t\t\t\t\t\t<\/label>\n\t\t\t\t\t\t\t\t\t\t\t\t\t\t<input size=\"1\" type=\"email\" name=\"form_fields[email]\" id=\"form-field-email\" class=\"elementor-field elementor-size-sm  elementor-field-textual\" placeholder=\"Courriel\" required=\"required\">\n\t\t\t\t\t\t\t\t\t\t\t<\/div>\n\t\t\t\t\t\t\t\t<div class=\"elementor-field-type-tel elementor-field-group elementor-column elementor-field-group-field_ce6c5af elementor-col-100\">\n\t\t\t\t\t\t\t\t\t\t\t\t<label for=\"form-field-field_ce6c5af\" class=\"elementor-field-label\">\n\t\t\t\t\t\t\t\tT\u00e9l\u00e9phone\t\t\t\t\t\t\t<\/label>\n\t\t\t\t\t\t\t\t<input size=\"1\" type=\"tel\" name=\"form_fields[field_ce6c5af]\" id=\"form-field-field_ce6c5af\" class=\"elementor-field elementor-size-sm  elementor-field-textual\" placeholder=\"999-999-9999\" pattern=\"[0-9()#&amp;+*-=.]+\" title=\"Seuls les caract\u00e8res de num\u00e9ros de t\u00e9l\u00e9phone (#, -, *, etc.) sont accept\u00e9s.\">\n\n\t\t\t\t\t\t<\/div>\n\t\t\t\t\t\t\t\t<div class=\"elementor-field-type-select elementor-field-group elementor-column elementor-field-group-field_6592984 elementor-col-100 elementor-field-required\">\n\t\t\t\t\t\t\t\t\t\t\t\t<label for=\"form-field-field_6592984\" class=\"elementor-field-label\">\n\t\t\t\t\t\t\t\tProvince\t\t\t\t\t\t\t<\/label>\n\t\t\t\t\t\t\t\t<div class=\"elementor-field elementor-select-wrapper remove-before \">\n\t\t\t<div class=\"select-caret-down-wrapper\">\n\t\t\t\t<svg aria-hidden=\"true\" class=\"e-font-icon-svg e-eicon-caret-down\" viewBox=\"0 0 571.4 571.4\" xmlns=\"http:\/\/www.w3.org\/2000\/svg\"><path d=\"M571 393Q571 407 561 418L311 668Q300 679 286 679T261 668L11 418Q0 407 0 393T11 368 36 357H536Q550 357 561 368T571 393Z\"><\/path><\/svg>\t\t\t<\/div>\n\t\t\t<select name=\"form_fields[field_6592984]\" id=\"form-field-field_6592984\" class=\"elementor-field-textual elementor-size-sm\" required=\"required\">\n\t\t\t\t\t\t\t\t\t<option value=\"Alberta\">Alberta<\/option>\n\t\t\t\t\t\t\t\t\t<option value=\"Colombie-Britannique\">Colombie-Britannique<\/option>\n\t\t\t\t\t\t\t\t\t<option value=\"\u00cele-du-Prince-\u00c9douard\">\u00cele-du-Prince-\u00c9douard<\/option>\n\t\t\t\t\t\t\t\t\t<option value=\"Manitoba\">Manitoba<\/option>\n\t\t\t\t\t\t\t\t\t<option value=\"Nouveau-Brunswick\">Nouveau-Brunswick<\/option>\n\t\t\t\t\t\t\t\t\t<option value=\"Nouvelle-\u00c9cosse\">Nouvelle-\u00c9cosse<\/option>\n\t\t\t\t\t\t\t\t\t<option value=\"Nunavut\">Nunavut<\/option>\n\t\t\t\t\t\t\t\t\t<option value=\"Ontario\">Ontario<\/option>\n\t\t\t\t\t\t\t\t\t<option value=\"Qu\u00e9bec\">Qu\u00e9bec<\/option>\n\t\t\t\t\t\t\t\t\t<option value=\"Saskatchewan\">Saskatchewan<\/option>\n\t\t\t\t\t\t\t\t\t<option value=\"Terre-Neuve et Labrador\">Terre-Neuve et Labrador<\/option>\n\t\t\t\t\t\t\t\t\t<option value=\"Territoires du Nord-Ouest\">Territoires du Nord-Ouest<\/option>\n\t\t\t\t\t\t\t\t\t<option value=\"Yukon\">Yukon<\/option>\n\t\t\t\t\t\t\t<\/select>\n\t\t<\/div>\n\t\t\t\t\t\t<\/div>\n\t\t\t\t\t\t\t\t<div class=\"elementor-field-type-radio elementor-field-group elementor-column elementor-field-group-field_f6d362b elementor-col-100 elementor-field-required\">\n\t\t\t\t\t\t\t\t\t\t\t\t<label for=\"form-field-field_f6d362b\" class=\"elementor-field-label\">\n\t\t\t\t\t\t\t\tJ'aimerais bien :\t\t\t\t\t\t\t<\/label>\n\t\t\t\t\t\t<div class=\"elementor-field-subgroup  \"><span class=\"elementor-field-option\"><input type=\"radio\" value=\"Devenir mentor\" id=\"form-field-field_f6d362b-0\" name=\"form_fields[field_f6d362b]\" required=\"required\"> <label for=\"form-field-field_f6d362b-0\">Devenir mentor<\/label><\/span><span class=\"elementor-field-option\"><input type=\"radio\" value=\"Trouver un mentor\" id=\"form-field-field_f6d362b-1\" name=\"form_fields[field_f6d362b]\" required=\"required\"> <label for=\"form-field-field_f6d362b-1\">Trouver un mentor<\/label><\/span><\/div>\t\t\t\t<\/div>\n\t\t\t\t\t\t\t\t<div class=\"elementor-field-type-textarea elementor-field-group elementor-column elementor-field-group-message elementor-col-100\">\n\t\t\t\t\t\t\t\t\t\t\t\t<label for=\"form-field-message\" class=\"elementor-field-label\">\n\t\t\t\t\t\t\t\tMessage\t\t\t\t\t\t\t<\/label>\n\t\t\t\t\t\t<textarea class=\"elementor-field-textual elementor-field  elementor-size-sm\" name=\"form_fields[message]\" id=\"form-field-message\" rows=\"4\" placeholder=\"Veuillez nous faire part de tout d\u00e9tail suppl\u00e9mentaire que vous souhaiteriez\"><\/textarea>\t\t\t\t<\/div>\n\t\t\t\t\t\t\t\t<div class=\"elementor-field-type-recaptcha_v3 elementor-field-group elementor-column elementor-field-group-field_f7d29f4 elementor-col-100 recaptcha_v3-bottomright\">\n\t\t\t\t\t<div class=\"elementor-field\" id=\"form-field-field_f7d29f4\"><div class=\"elementor-g-recaptcha\" data-sitekey=\"6LfU3pArAAAAAEP9S4TnPAD3qjerae35PcX-n_Hv\" data-type=\"v3\" data-action=\"Form\" data-badge=\"bottomright\" data-size=\"invisible\"><\/div><\/div>\t\t\t\t<\/div>\n\t\t\t\t\t\t\t\t<div class=\"elementor-field-group elementor-column elementor-field-type-submit elementor-col-100 e-form__buttons\">\n\t\t\t\t\t<button class=\"elementor-button elementor-size-sm\" type=\"submit\">\n\t\t\t\t\t\t<span class=\"elementor-button-content-wrapper\">\n\t\t\t\t\t\t\t\t\t\t\t\t\t\t\t\t\t\t\t\t\t\t<span class=\"elementor-button-text\">Envoyer<\/span>\n\t\t\t\t\t\t\t\t\t\t\t\t\t<\/span>\n\t\t\t\t\t<\/button>\n\t\t\t\t<\/div>\n\t\t\t<\/div>\n\t\t<\/form>\n\t\t\t\t\t\t<\/div>\n\t\t\t\t<\/div>\n\t\t<div class=\"elementor-element elementor-element-7e788cb e-con-full e-flex e-con e-child\" data-id=\"7e788cb\" data-element_type=\"container\" data-e-type=\"container\">\n\t\t\t\t<div class=\"elementor-element elementor-element-78faed0 elementor-widget elementor-widget-image\" data-id=\"78faed0\" data-element_type=\"widget\" data-e-type=\"widget\" data-widget_type=\"image.default\">\n\t\t\t\t\t\t\t\t\t\t\t\t\t\t\t<img fetchpriority=\"high\" decoding=\"async\" width=\"768\" height=\"1160\" src=\"https:\/\/nkdocanada.ca\/wp-content\/uploads\/2024\/12\/940b404fe540f102832269d10073726fb62e3a2f-768x1160.jpg\" class=\"attachment-medium_large size-medium_large wp-image-748\" alt=\"Hands on a tree\" srcset=\"https:\/\/nkdocanada.ca\/wp-content\/uploads\/2024\/12\/940b404fe540f102832269d10073726fb62e3a2f-768x1160.jpg 768w, https:\/\/nkdocanada.ca\/wp-content\/uploads\/2024\/12\/940b404fe540f102832269d10073726fb62e3a2f-199x300.jpg 199w, https:\/\/nkdocanada.ca\/wp-content\/uploads\/2024\/12\/940b404fe540f102832269d10073726fb62e3a2f-678x1024.jpg 678w, https:\/\/nkdocanada.ca\/wp-content\/uploads\/2024\/12\/940b404fe540f102832269d10073726fb62e3a2f-1017x1536.jpg 1017w, https:\/\/nkdocanada.ca\/wp-content\/uploads\/2024\/12\/940b404fe540f102832269d10073726fb62e3a2f.jpg 1280w\" sizes=\"(max-width: 768px) 100vw, 768px\" \/>\t\t\t\t\t\t\t\t\t\t\t\t\t\t\t<\/div>\n\t\t\t\t<\/div>\n\t\t\t\t\t<\/div>\n\t\t\t\t<\/div>\n\t\t\t\t<\/div>\n\t\t","protected":false},"excerpt":{"rendered":"<p>Notre programme de mentorat contribue \u00e0 former les donneurs de rein vivants potentiels et \u00e0 soutenir les receveurs de rein pleins d&rsquo;espoir. Les candidats au don qui ont un mentor de la NKDO ont trois fois plus de chances de faire un don qu&rsquo;un candidat qui n&rsquo;en a pas.Tous nos mentors sont des donneurs ou [&hellip;]<\/p>\n","protected":false},"author":1,"featured_media":815,"parent":0,"menu_order":0,"comment_status":"closed","ping_status":"closed","template":"","meta":{"footnotes":""},"class_list":["post-861","page","type-page","status-publish","has-post-thumbnail","hentry"],"_links":{"self":[{"href":"https:\/\/nkdocanada.ca\/fr\/wp-json\/wp\/v2\/pages\/861","targetHints":{"allow":["GET"]}}],"collection":[{"href":"https:\/\/nkdocanada.ca\/fr\/wp-json\/wp\/v2\/pages"}],"about":[{"href":"https:\/\/nkdocanada.ca\/fr\/wp-json\/wp\/v2\/types\/page"}],"author":[{"embeddable":true,"href":"https:\/\/nkdocanada.ca\/fr\/wp-json\/wp\/v2\/users\/1"}],"replies":[{"embeddable":true,"href":"https:\/\/nkdocanada.ca\/fr\/wp-json\/wp\/v2\/comments?post=861"}],"version-history":[{"count":2,"href":"https:\/\/nkdocanada.ca\/fr\/wp-json\/wp\/v2\/pages\/861\/revisions"}],"predecessor-version":[{"id":1017,"href":"https:\/\/nkdocanada.ca\/fr\/wp-json\/wp\/v2\/pages\/861\/revisions\/1017"}],"wp:featuredmedia":[{"embeddable":true,"href":"https:\/\/nkdocanada.ca\/fr\/wp-json\/wp\/v2\/media\/815"}],"wp:attachment":[{"href":"https:\/\/nkdocanada.ca\/fr\/wp-json\/wp\/v2\/media?parent=861"}],"curies":[{"name":"wp","href":"https:\/\/api.w.org\/{rel}","templated":true}]}}