{"id":855,"date":"2024-12-13T01:43:05","date_gmt":"2024-12-13T06:43:05","guid":{"rendered":"https:\/\/nkdocanada.ca\/informations-pour-les-donneurs-vivants-potentiels\/"},"modified":"2026-01-05T16:34:05","modified_gmt":"2026-01-05T21:34:05","slug":"informations-pour-les-donneurs-vivants-potentiels","status":"publish","type":"page","link":"https:\/\/nkdocanada.ca\/fr\/informations-pour-les-donneurs-vivants-potentiels\/","title":{"rendered":"Informations destin\u00e9es aux donneurs potentiels de rein vivant"},"content":{"rendered":"\t\t<div data-elementor-type=\"wp-page\" data-elementor-id=\"855\" class=\"elementor elementor-855 elementor-13\" data-elementor-post-type=\"page\">\n\t\t\t\t<div class=\"elementor-element elementor-element-de8126b e-flex e-con-boxed e-con e-parent\" data-id=\"de8126b\" data-element_type=\"container\" data-e-type=\"container\">\n\t\t\t\t\t<div class=\"e-con-inner\">\n\t\t\t\t<div class=\"elementor-element elementor-element-3be064c elementor-widget elementor-widget-text-editor\" data-id=\"3be064c\" data-element_type=\"widget\" data-e-type=\"widget\" data-widget_type=\"text-editor.default\">\n\t\t\t\t\t\t\t\t\t<p>Faire un don de rein est un cadeau qui change la vie, tant pour le donneur que pour le receveur. Des \u00e9tudes ont montr\u00e9 que les donneurs de rein vivants sont parmi les plus heureux de la plan\u00e8te, merveilleusement \u00e9panouis d\u2019avoir sauv\u00e9 une autre vie. <\/p><p>Pr\u00eat \u00e0 envisager de devenir donneur de rein vivant ? <a href=\"https:\/\/transplantambassadors.ca\/patients-seeking-donors\/\" target=\"_blank\" rel=\"noopener\">Check out these patients currently looking for a kidney donor and change someone\u2019s life today!<\/a><\/p>\t\t\t\t\t\t\t\t<\/div>\n\t\t\t\t<div class=\"elementor-element elementor-element-c57d358 elementor-widget elementor-widget-heading\" data-id=\"c57d358\" data-element_type=\"widget\" data-e-type=\"widget\" data-widget_type=\"heading.default\">\n\t\t\t\t\t<h2 class=\"elementor-heading-title elementor-size-default\">Soyez un donneur vivant<\/h2>\t\t\t\t<\/div>\n\t\t\t\t<div class=\"elementor-element elementor-element-aebf961 elementor-widget elementor-widget-text-editor\" data-id=\"aebf961\" data-element_type=\"widget\" data-e-type=\"widget\" data-widget_type=\"text-editor.default\">\n\t\t\t\t\t\t\t\t\t<h3>Renseignez-vous :<\/h3>\n<p>D\u00e9couvrez le processus, les risques et les avantages du don de rein. Vous pouvez trouver des ressources en ligne ou consulter des professionnels de la sant\u00e9. Pensez \u00e0 contacter NKDO Canada pour discuter du don de rein vivant avec un mentor de NKDO Canada et nous serons l\u00e0 avec vous dans votre parcours de don.  <\/p>\n<h3>\u00c9valuez votre \u00e9ligibilit\u00e9 :<\/h3>\n<p>Vous devez \u00eatre en bonne sant\u00e9 pour \u00eatre consid\u00e9r\u00e9 comme donneur de rein.<\/p>\t\t\t\t\t\t\t\t<\/div>\n\t\t\t\t<div class=\"elementor-element elementor-element-bd5bf62 elementor-cta--layout-image-above elementor-cta--skin-classic elementor-animated-content elementor-widget elementor-widget-call-to-action\" data-id=\"bd5bf62\" data-element_type=\"widget\" data-e-type=\"widget\" data-widget_type=\"call-to-action.default\">\n\t\t\t\t\t\t\t<div class=\"elementor-cta\">\n\t\t\t\t\t<div class=\"elementor-cta__bg-wrapper\">\n\t\t\t\t<div class=\"elementor-cta__bg elementor-bg\" style=\"background-image: url(https:\/\/nkdocanada.ca\/wp-content\/uploads\/2024\/12\/new-kidney.jpg);\" role=\"img\" aria-label=\"nouveau rein\"><\/div>\n\t\t\t\t<div class=\"elementor-cta__bg-overlay\"><\/div>\n\t\t\t<\/div>\n\t\t\t\t\t\t\t<div class=\"elementor-cta__content\">\n\t\t\t\t\n\t\t\t\t\t\t\t\t\t<h2 class=\"elementor-cta__title elementor-cta__content-item elementor-content-item\">\n\t\t\t\t\t\tVous envisagez de devenir donneur de rein vivant ?\t\t\t\t\t<\/h2>\n\t\t\t\t\n\t\t\t\t\n\t\t\t\t\t\t\t\t\t<div class=\"elementor-cta__button-wrapper elementor-cta__content-item elementor-content-item \">\n\t\t\t\t\t<a class=\"elementor-cta__button elementor-button elementor-size-\" href=\"https:\/\/www.blood.ca\/en\/organs-tissues\/living-organ-donation\/am-i-eligible-be-living-kidney-donor\" target=\"_blank\" rel=\"noopener\">\n\t\t\t\t\t\tEn savoir plus\t\t\t\t\t<\/a>\n\t\t\t\t\t<\/div>\n\t\t\t\t\t\t\t<\/div>\n\t\t\t\t\t\t<\/div>\n\t\t\t\t\t\t<\/div>\n\t\t\t\t<div class=\"elementor-element elementor-element-4ba9e36 elementor-cta--skin-classic elementor-animated-content elementor-bg-transform elementor-bg-transform-zoom-in elementor-widget elementor-widget-call-to-action\" data-id=\"4ba9e36\" data-element_type=\"widget\" data-e-type=\"widget\" data-widget_type=\"call-to-action.default\">\n\t\t\t\t\t\t\t<div class=\"elementor-cta\">\n\t\t\t\t\t\t\t<div class=\"elementor-cta__content\">\n\t\t\t\t\n\t\t\t\t\t\t\t\t\t<h2 class=\"elementor-cta__title elementor-cta__content-item elementor-content-item\">\n\t\t\t\t\t\tVous avez des questions ?\t\t\t\t\t<\/h2>\n\t\t\t\t\n\t\t\t\t\t\t\t\t\t<div class=\"elementor-cta__description elementor-cta__content-item elementor-content-item\">\n\t\t\t\t\t\t Voulez-vous parler \u00e0 quelqu\u2019un qui a fait don de son rein et discuter de la fa\u00e7on dont NKDO Canada peut vous soutenir tout au long de votre parcours ?\t\t\t\t\t<\/div>\n\t\t\t\t\n\t\t\t\t\t\t\t\t\t<div class=\"elementor-cta__button-wrapper elementor-cta__content-item elementor-content-item \">\n\t\t\t\t\t<a class=\"elementor-cta__button elementor-button elementor-size-\" href=\"https:\/\/nkdocanada.ca\/fr\/programmes-de-mentorat\/\">\n\t\t\t\t\t\tEn savoir plus sur nos programmes de mentorat\t\t\t\t\t<\/a>\n\t\t\t\t\t<\/div>\n\t\t\t\t\t\t\t<\/div>\n\t\t\t\t\t\t<\/div>\n\t\t\t\t\t\t<\/div>\n\t\t\t\t<div class=\"elementor-element elementor-element-c118d60 elementor-widget elementor-widget-text-editor\" data-id=\"c118d60\" data-element_type=\"widget\" data-e-type=\"widget\" data-widget_type=\"text-editor.default\">\n\t\t\t\t\t\t\t\t\t<h3>Contactez votre programme provincial de transplantation :<\/h3><p>Contactez un programme de transplantation dans un h\u00f4pital ou un centre m\u00e9dical pr\u00e8s de chez vous. Ils vous guideront tout au long du processus. <\/p><h3>\u00c9valuation m\u00e9dicale :<\/h3><p>Vous subirez une s\u00e9rie de tests m\u00e9dicaux pour d\u00e9terminer si vous \u00eates un candidat appropri\u00e9 pour un don. Cela comprend, sans toutefois s&rsquo;y limiter, les analyses de sang, l&rsquo;imagerie et les analyses d&rsquo;urine de 24 heures. <\/p><h3>Consultez un n\u00e9phrologue et un chirurgien :<\/h3><p>Vous rencontrerez un n\u00e9phrologue sp\u00e9cialis\u00e9 en sant\u00e9 r\u00e9nale pour discuter de votre d\u00e9cision et des risques potentiels. Un chirurgien \u00e9valuera votre aptitude \u00e0 la chirurgie. <\/p><h3>\u00c9valuation psychosociale :<\/h3><p>Un professionnel de la sant\u00e9 mentale (psychiatre et\/ou travailleur social) \u00e9valuera votre bien-\u00eatre \u00e9motionnel et s\u2019assurera que vous compreniez les implications du don.<\/p><h3>Processus de jumelage :<\/h3><p>Une fois que tous les tests sont termin\u00e9s et que le donneur potentiel a \u00e9t\u00e9 d\u00e9clar\u00e9 donneur potentiel viable, l\u2019\u00e9quipe de transplantation poursuivra le processus. Si le don est non dirig\u00e9 (anonyme), votre dossier m\u00e9dical sera envoy\u00e9 \u00e0 la Soci\u00e9t\u00e9 canadienne du sang pour le programme de don jumel\u00e9 de reins. Un destinataire potentiel fera l\u2019objet d\u2019une comparaison crois\u00e9e avec vous.  <\/p><h3>Chirurgie :<\/h3><p>Une fois le processus d\u2019appariement termin\u00e9, vous subirez une intervention chirurgicale pour retirer l\u2019un de vos reins. Cela se fait g\u00e9n\u00e9ralement par laparoscopie, ce qui implique des incisions plus petites et un temps de r\u00e9cup\u00e9ration plus rapide. Si n\u00e9cessaire, la chirurgie laparoscopique peut \u00eatre convertie en chirurgie ouverte.  <\/p><h3>Soins apr\u00e8s le don :<\/h3><p>Apr\u00e8s l\u2019op\u00e9ration, vous recevrez des soins de suivi pour vous assurer que vous vous r\u00e9tablissez bien.<\/p><h3>Accompagnement et suivi :<\/h3><p>Dans les mois suivant votre don, l&rsquo;\u00e9quipe de transplantation, votre m\u00e9decin de famille et un physioth\u00e9rapeute vous soutiendront et surveilleront votre \u00e9tat de sant\u00e9 pour assurer que le donneur et le receveur gu\u00e9rissent et soient actifs et forts le plus rapidement possible.<\/p><p>Il est important de noter que le processus peut varier l\u00e9g\u00e8rement selon l\u2019h\u00f4pital ou le programme de transplantation. Consultez toujours des professionnels de la sant\u00e9 pour obtenir les informations les plus pr\u00e9cises et les plus r\u00e9centes. Ils sauront vous guider tout au long du processus et r\u00e9pondre \u00e0 toutes vos questions sp\u00e9cifiques.  <\/p><h2>Vous trouverez ci-dessous quelques liens connexes pour des informations suppl\u00e9mentaires :<\/h2><h3>National<\/h3><p><a title=\"\" href=\"https:\/\/www.blood.ca\/en\/organs-tissues\/living-donation\/what-is-living-kidney-donation\" target=\"_blank\" rel=\"noopener\">Qu&rsquo;est-ce que le don de rein vivant ? (blood.ca) <\/a><\/p><p><a title=\"\" href=\"https:\/\/kidney.ca\/Get-Involved\/Be-an-Organ-Donor\/Consider-Being-a-Living-Kidney-Donor\" target=\"_blank\" rel=\"noopener\">La Fondation du rein &#8211; La Fondation canadienne du rein<\/a><\/p><p><a href=\"https:\/\/transplantambassadors.ca\/\" target=\"_blank\" rel=\"noopener\">Programme des ambassadeurs de la transplantation<\/a><\/p><h3>Alberta<\/h3><p><a title=\"\" href=\"https:\/\/www.albertahealthservices.ca\/findhealth\/service.aspx?id=1055205\" target=\"_blank\" rel=\"noopener\">Living Donor Services \u2013 Southern Alberta Transplant Program | Alberta Health Services<\/a><\/p><p><a title=\"\" href=\"https:\/\/www.albertahealthservices.ca\/findhealth\/Service.aspx?id=5853&amp;serviceAtFacilityID=1125345#contentStart\" target=\"_blank\" rel=\"noopener\">Edmonton Zone and Area \u2013 Living Donor Services | Alberta Health Services<\/a><\/p><h3>Colombie-Britannique<\/h3><p><a title=\"\" href=\"http:\/\/www.transplant.bc.ca\/organ-donation\/living-kidney-donation\" target=\"_blank\" rel=\"noopener\">Living Kidney Donation (transplant.bc.ca)<\/a><\/p><h3>Saskatchewan<\/h3><p><a title=\"\" href=\"https:\/\/www.saskhealthauthority.ca\/your-health\/conditions-diseases-services\/all-z\/tissue-organ-donation\/living-kidney-donation\" target=\"_blank\" rel=\"noopener\">Living Kidney Donation | SaskHealthAuthority<\/a><\/p><h3>Manitoba<\/h3><p><a title=\"\" href=\"https:\/\/www.transplantmanitoba.ca\/decide\/living-kidney-donor\" target=\"_blank\" rel=\"noopener\">Gift of Life Living Kidney Donor Program | Transplant Manitoba<\/a><\/p><h3>Ontario<\/h3><p><a title=\"\" href=\"https:\/\/www.uhn.ca\/Transplant\/Living_Donor_Program\/Pages\/living_kidney_donor.aspx\" target=\"_blank\" rel=\"noopener\">Programme de don de rein vivant (uhn.ca)<\/a><\/p><p><a title=\"\" href=\"https:\/\/www.lhsc.on.ca\/multi-organ-transplant-program\/living-kidney-donation\" target=\"_blank\" rel=\"noopener\">Living Kidney Donation | LHSC<\/a><\/p><p><a title=\"\" href=\"https:\/\/www.ottawahospital.on.ca\/en\/clinical-services\/deptpgrmcs\/programs\/kidney-donation\/\" target=\"_blank\" rel=\"noopener\">Kidney Donation \u2013 The Ottawa Hospital<\/a><\/p><h3>Qu\u00e9bec<\/h3><p><a title=\"\" href=\"https:\/\/www.quebec.ca\/en\/health\/blood-tissue-and-organ-donation\/living-kidney-donation\" target=\"_blank\" rel=\"noopener\">Don de rein par un donneur vivant | Gouvernement du Qu\u00e9bec (quebec.ca) \u200c<\/a><\/p><h3>Canada atlantique<\/h3><p><a title=\"\" href=\"https:\/\/www.motpatlantic.ca\/Home\/LivingKidneyDonorProgram\" target=\"_blank\" rel=\"noopener\">Living Kidney Donor Program \u2013 MOTP Atlantic Canada<\/a><\/p>\t\t\t\t\t\t\t\t<\/div>\n\t\t\t\t\t<\/div>\n\t\t\t\t<\/div>\n\t\t\t\t<\/div>\n\t\t","protected":false},"excerpt":{"rendered":"<p>Faire un don de rein est un cadeau qui change la vie, tant pour le donneur que pour le receveur. Des \u00e9tudes ont montr\u00e9 que les donneurs de rein vivants sont parmi les plus heureux de la plan\u00e8te, merveilleusement \u00e9panouis d\u2019avoir sauv\u00e9 une autre vie. Pr\u00eat \u00e0 envisager de devenir donneur de rein vivant ? [&hellip;]<\/p>\n","protected":false},"author":1,"featured_media":803,"parent":0,"menu_order":0,"comment_status":"closed","ping_status":"closed","template":"","meta":{"footnotes":""},"class_list":["post-855","page","type-page","status-publish","has-post-thumbnail","hentry"],"_links":{"self":[{"href":"https:\/\/nkdocanada.ca\/fr\/wp-json\/wp\/v2\/pages\/855","targetHints":{"allow":["GET"]}}],"collection":[{"href":"https:\/\/nkdocanada.ca\/fr\/wp-json\/wp\/v2\/pages"}],"about":[{"href":"https:\/\/nkdocanada.ca\/fr\/wp-json\/wp\/v2\/types\/page"}],"author":[{"embeddable":true,"href":"https:\/\/nkdocanada.ca\/fr\/wp-json\/wp\/v2\/users\/1"}],"replies":[{"embeddable":true,"href":"https:\/\/nkdocanada.ca\/fr\/wp-json\/wp\/v2\/comments?post=855"}],"version-history":[{"count":5,"href":"https:\/\/nkdocanada.ca\/fr\/wp-json\/wp\/v2\/pages\/855\/revisions"}],"predecessor-version":[{"id":1010,"href":"https:\/\/nkdocanada.ca\/fr\/wp-json\/wp\/v2\/pages\/855\/revisions\/1010"}],"wp:featuredmedia":[{"embeddable":true,"href":"https:\/\/nkdocanada.ca\/fr\/wp-json\/wp\/v2\/media\/803"}],"wp:attachment":[{"href":"https:\/\/nkdocanada.ca\/fr\/wp-json\/wp\/v2\/media?parent=855"}],"curies":[{"name":"wp","href":"https:\/\/api.w.org\/{rel}","templated":true}]}}