{"id":853,"date":"2025-07-27T14:16:40","date_gmt":"2025-07-27T18:16:40","guid":{"rendered":"https:\/\/nkdocanada.ca\/contact\/"},"modified":"2025-07-27T15:28:59","modified_gmt":"2025-07-27T19:28:59","slug":"contact","status":"publish","type":"page","link":"https:\/\/nkdocanada.ca\/fr\/contact\/","title":{"rendered":"Contact"},"content":{"rendered":"\t\t<div data-elementor-type=\"wp-page\" data-elementor-id=\"853\" class=\"elementor elementor-853 elementor-12\" data-elementor-post-type=\"page\">\n\t\t\t\t<div class=\"elementor-element elementor-element-56ce408 e-flex e-con-boxed e-con e-parent\" data-id=\"56ce408\" data-element_type=\"container\" data-e-type=\"container\">\n\t\t\t\t\t<div class=\"e-con-inner\">\n\t\t<div class=\"elementor-element elementor-element-01ac092 e-con-full e-flex e-con e-child\" data-id=\"01ac092\" data-element_type=\"container\" data-e-type=\"container\">\n\t\t\t\t<div class=\"elementor-element elementor-element-a1a5b2c elementor-widget elementor-widget-text-editor\" data-id=\"a1a5b2c\" data-element_type=\"widget\" data-e-type=\"widget\" data-widget_type=\"text-editor.default\">\n\t\t\t\t\t\t\t\t\t<h2>Connexion avec le NKDO Canada<\/h2>\n<p>Vous souhaitez collaborer avec NKDO Canada, vous avez des questions ou vous voulez aider \u00e0 am\u00e9liorer le don de rein au Canada ? Saisissez vos coordonn\u00e9es ci-dessous et un membre de notre \u00e9quipe vous contactera.<\/p>\t\t\t\t\t\t\t\t<\/div>\n\t\t\t\t<div class=\"elementor-element elementor-element-6f70283 elementor-button-align-stretch elementor-widget elementor-widget-form\" data-id=\"6f70283\" data-element_type=\"widget\" data-e-type=\"widget\" data-settings=\"{&quot;step_next_label&quot;:&quot;Suivant&quot;,&quot;step_previous_label&quot;:&quot;Pr\\u00e9c\\u00e9dent&quot;,&quot;button_width&quot;:&quot;100&quot;,&quot;step_type&quot;:&quot;number_text&quot;,&quot;step_icon_shape&quot;:&quot;circle&quot;}\" data-widget_type=\"form.default\">\n\t\t\t\t\t\t\t<form class=\"elementor-form\" method=\"post\" name=\"Formulaire des amis du NKDO\" aria-label=\"Formulaire des amis du NKDO\">\n\t\t\t<input type=\"hidden\" name=\"post_id\" value=\"853\"\/>\n\t\t\t<input type=\"hidden\" name=\"form_id\" value=\"6f70283\"\/>\n\t\t\t<input type=\"hidden\" name=\"referer_title\" value=\"Contact &#045; NKDO Canada\" \/>\n\n\t\t\t\t\t\t\t<input type=\"hidden\" name=\"queried_id\" value=\"853\"\/>\n\t\t\t\n\t\t\t<div class=\"elementor-form-fields-wrapper elementor-labels-above\">\n\t\t\t\t\t\t\t\t<div class=\"elementor-field-type-text\">\n\t\t\t\t\t<input size=\"1\" type=\"text\" name=\"form_fields[field_0adbf16]\" id=\"form-field-field_0adbf16\" class=\"elementor-field elementor-size-sm \" style=\"display:none !important;\">\t\t\t\t<\/div>\n\t\t\t\t\t\t\t\t<div class=\"elementor-field-type-text elementor-field-group elementor-column elementor-field-group-first_name elementor-col-50 elementor-field-required elementor-mark-required\">\n\t\t\t\t\t\t\t\t\t\t\t\t<label for=\"form-field-first_name\" class=\"elementor-field-label\">\n\t\t\t\t\t\t\t\tPr\u00e9nom\t\t\t\t\t\t\t<\/label>\n\t\t\t\t\t\t\t\t\t\t\t\t\t\t<input size=\"1\" type=\"text\" name=\"form_fields[first_name]\" id=\"form-field-first_name\" class=\"elementor-field elementor-size-sm  elementor-field-textual\" placeholder=\"Pr\u00e9nom\" required=\"required\">\n\t\t\t\t\t\t\t\t\t\t\t<\/div>\n\t\t\t\t\t\t\t\t<div class=\"elementor-field-type-text elementor-field-group elementor-column elementor-field-group-last_name elementor-col-50 elementor-field-required elementor-mark-required\">\n\t\t\t\t\t\t\t\t\t\t\t\t<label for=\"form-field-last_name\" class=\"elementor-field-label\">\n\t\t\t\t\t\t\t\tNom de famille\t\t\t\t\t\t\t<\/label>\n\t\t\t\t\t\t\t\t\t\t\t\t\t\t<input size=\"1\" type=\"text\" name=\"form_fields[last_name]\" id=\"form-field-last_name\" class=\"elementor-field elementor-size-sm  elementor-field-textual\" placeholder=\"Nom de famille\" required=\"required\">\n\t\t\t\t\t\t\t\t\t\t\t<\/div>\n\t\t\t\t\t\t\t\t<div class=\"elementor-field-type-email elementor-field-group elementor-column elementor-field-group-email elementor-col-100 elementor-field-required elementor-mark-required\">\n\t\t\t\t\t\t\t\t\t\t\t\t<label for=\"form-field-email\" class=\"elementor-field-label\">\n\t\t\t\t\t\t\t\tCourriel\t\t\t\t\t\t\t<\/label>\n\t\t\t\t\t\t\t\t\t\t\t\t\t\t<input size=\"1\" type=\"email\" name=\"form_fields[email]\" id=\"form-field-email\" class=\"elementor-field elementor-size-sm  elementor-field-textual\" placeholder=\"Courriel\" required=\"required\">\n\t\t\t\t\t\t\t\t\t\t\t<\/div>\n\t\t\t\t\t\t\t\t<div class=\"elementor-field-type-tel elementor-field-group elementor-column elementor-field-group-field_ce6c5af elementor-col-100\">\n\t\t\t\t\t\t\t\t\t\t\t\t<label for=\"form-field-field_ce6c5af\" class=\"elementor-field-label\">\n\t\t\t\t\t\t\t\tT\u00e9l\u00e9phone\t\t\t\t\t\t\t<\/label>\n\t\t\t\t\t\t\t\t<input size=\"1\" type=\"tel\" name=\"form_fields[field_ce6c5af]\" id=\"form-field-field_ce6c5af\" class=\"elementor-field elementor-size-sm  elementor-field-textual\" placeholder=\"999-999-9999\" pattern=\"[0-9()#&amp;+*-=.]+\" title=\"Seuls les caract\u00e8res de num\u00e9ros de t\u00e9l\u00e9phone (#, -, *, etc.) sont accept\u00e9s.\">\n\n\t\t\t\t\t\t<\/div>\n\t\t\t\t\t\t\t\t<div class=\"elementor-field-type-textarea elementor-field-group elementor-column elementor-field-group-message elementor-col-100\">\n\t\t\t\t\t\t\t\t\t\t\t\t<label for=\"form-field-message\" class=\"elementor-field-label\">\n\t\t\t\t\t\t\t\tMessage\t\t\t\t\t\t\t<\/label>\n\t\t\t\t\t\t<textarea class=\"elementor-field-textual elementor-field  elementor-size-sm\" name=\"form_fields[message]\" id=\"form-field-message\" rows=\"4\" placeholder=\"Veuillez nous faire part de tout d\u00e9tail suppl\u00e9mentaire que vous souhaiteriez\"><\/textarea>\t\t\t\t<\/div>\n\t\t\t\t\t\t\t\t<div class=\"elementor-field-type-recaptcha_v3 elementor-field-group elementor-column elementor-field-group-field_f7d29f4 elementor-col-100 recaptcha_v3-bottomright\">\n\t\t\t\t\t<div class=\"elementor-field\" id=\"form-field-field_f7d29f4\"><div class=\"elementor-g-recaptcha\" data-sitekey=\"6LfU3pArAAAAAEP9S4TnPAD3qjerae35PcX-n_Hv\" data-type=\"v3\" data-action=\"Form\" data-badge=\"bottomright\" data-size=\"invisible\"><\/div><\/div>\t\t\t\t<\/div>\n\t\t\t\t\t\t\t\t<div class=\"elementor-field-group elementor-column elementor-field-type-submit elementor-col-100 e-form__buttons\">\n\t\t\t\t\t<button class=\"elementor-button elementor-size-sm\" type=\"submit\">\n\t\t\t\t\t\t<span class=\"elementor-button-content-wrapper\">\n\t\t\t\t\t\t\t\t\t\t\t\t\t\t\t\t\t\t\t\t\t\t<span class=\"elementor-button-text\">Envoyer<\/span>\n\t\t\t\t\t\t\t\t\t\t\t\t\t<\/span>\n\t\t\t\t\t<\/button>\n\t\t\t\t<\/div>\n\t\t\t<\/div>\n\t\t<\/form>\n\t\t\t\t\t\t<\/div>\n\t\t\t\t<\/div>\n\t\t<div class=\"elementor-element elementor-element-b2e24bc e-con-full e-flex e-con e-child\" data-id=\"b2e24bc\" data-element_type=\"container\" data-e-type=\"container\" data-settings=\"{&quot;background_background&quot;:&quot;classic&quot;}\">\n\t\t\t\t<div class=\"elementor-element elementor-element-cc612a0 elementor-widget elementor-widget-image\" data-id=\"cc612a0\" data-element_type=\"widget\" data-e-type=\"widget\" data-widget_type=\"image.default\">\n\t\t\t\t\t\t\t\t\t\t\t\t\t\t\t<img fetchpriority=\"high\" decoding=\"async\" width=\"684\" height=\"1024\" src=\"https:\/\/nkdocanada.ca\/wp-content\/uploads\/2024\/12\/pexels-cottonbro-3202235-684x1024.jpg\" class=\"attachment-large size-large wp-image-812\" alt=\"\" srcset=\"https:\/\/nkdocanada.ca\/wp-content\/uploads\/2024\/12\/pexels-cottonbro-3202235-684x1024.jpg 684w, https:\/\/nkdocanada.ca\/wp-content\/uploads\/2024\/12\/pexels-cottonbro-3202235-200x300.jpg 200w, https:\/\/nkdocanada.ca\/wp-content\/uploads\/2024\/12\/pexels-cottonbro-3202235-768x1150.jpg 768w, https:\/\/nkdocanada.ca\/wp-content\/uploads\/2024\/12\/pexels-cottonbro-3202235-1026x1536.jpg 1026w, https:\/\/nkdocanada.ca\/wp-content\/uploads\/2024\/12\/pexels-cottonbro-3202235-1368x2048.jpg 1368w, https:\/\/nkdocanada.ca\/wp-content\/uploads\/2024\/12\/pexels-cottonbro-3202235-scaled.jpg 1710w\" sizes=\"(max-width: 684px) 100vw, 684px\" \/>\t\t\t\t\t\t\t\t\t\t\t\t\t\t\t<\/div>\n\t\t\t\t<\/div>\n\t\t\t\t\t<\/div>\n\t\t\t\t<\/div>\n\t\t\t\t<\/div>\n\t\t","protected":false},"excerpt":{"rendered":"<p>Connexion avec le NKDO Canada Vous souhaitez collaborer avec NKDO Canada, vous avez des questions ou vous voulez aider \u00e0 am\u00e9liorer le don de rein au Canada ? Saisissez vos coordonn\u00e9es ci-dessous et un membre de notre \u00e9quipe vous contactera.<\/p>\n","protected":false},"author":1,"featured_media":810,"parent":0,"menu_order":0,"comment_status":"closed","ping_status":"closed","template":"","meta":{"footnotes":""},"class_list":["post-853","page","type-page","status-publish","has-post-thumbnail","hentry"],"_links":{"self":[{"href":"https:\/\/nkdocanada.ca\/fr\/wp-json\/wp\/v2\/pages\/853","targetHints":{"allow":["GET"]}}],"collection":[{"href":"https:\/\/nkdocanada.ca\/fr\/wp-json\/wp\/v2\/pages"}],"about":[{"href":"https:\/\/nkdocanada.ca\/fr\/wp-json\/wp\/v2\/types\/page"}],"author":[{"embeddable":true,"href":"https:\/\/nkdocanada.ca\/fr\/wp-json\/wp\/v2\/users\/1"}],"replies":[{"embeddable":true,"href":"https:\/\/nkdocanada.ca\/fr\/wp-json\/wp\/v2\/comments?post=853"}],"version-history":[{"count":1,"href":"https:\/\/nkdocanada.ca\/fr\/wp-json\/wp\/v2\/pages\/853\/revisions"}],"predecessor-version":[{"id":854,"href":"https:\/\/nkdocanada.ca\/fr\/wp-json\/wp\/v2\/pages\/853\/revisions\/854"}],"wp:featuredmedia":[{"embeddable":true,"href":"https:\/\/nkdocanada.ca\/fr\/wp-json\/wp\/v2\/media\/810"}],"wp:attachment":[{"href":"https:\/\/nkdocanada.ca\/fr\/wp-json\/wp\/v2\/media?parent=853"}],"curies":[{"name":"wp","href":"https:\/\/api.w.org\/{rel}","templated":true}]}}