{"id":847,"date":"2025-07-27T14:43:08","date_gmt":"2025-07-27T18:43:08","guid":{"rendered":"https:\/\/nkdocanada.ca\/a-propos-du-nkdo-canada\/"},"modified":"2025-07-28T11:04:00","modified_gmt":"2025-07-28T15:04:00","slug":"a-propos-du-nkdo-canada","status":"publish","type":"page","link":"https:\/\/nkdocanada.ca\/fr\/a-propos-du-nkdo-canada\/","title":{"rendered":"\u00c0 propos du NKDO Canada"},"content":{"rendered":"\t\t<div data-elementor-type=\"wp-page\" data-elementor-id=\"847\" class=\"elementor elementor-847 elementor-732\" data-elementor-post-type=\"page\">\n\t\t\t\t<div class=\"elementor-element elementor-element-d99aa0e e-flex e-con-boxed e-con e-parent\" data-id=\"d99aa0e\" data-element_type=\"container\" data-e-type=\"container\">\n\t\t\t\t\t<div class=\"e-con-inner\">\n\t\t<div class=\"elementor-element elementor-element-0c4910e e-con-full e-flex e-con e-child\" data-id=\"0c4910e\" data-element_type=\"container\" data-e-type=\"container\" data-settings=\"{&quot;background_background&quot;:&quot;classic&quot;}\">\n\t\t\t\t<div class=\"elementor-element elementor-element-1a1aa04 elementor-widget elementor-widget-image\" data-id=\"1a1aa04\" data-element_type=\"widget\" data-e-type=\"widget\" data-widget_type=\"image.default\">\n\t\t\t\t\t\t\t\t\t\t\t\t\t\t\t<img fetchpriority=\"high\" decoding=\"async\" width=\"800\" height=\"534\" src=\"https:\/\/nkdocanada.ca\/wp-content\/uploads\/2025\/01\/image_2023_11_22T00_23_41_347Z-1024x684.png\" class=\"attachment-large size-large wp-image-832\" alt=\"\" srcset=\"https:\/\/nkdocanada.ca\/wp-content\/uploads\/2025\/01\/image_2023_11_22T00_23_41_347Z-1024x684.png 1024w, https:\/\/nkdocanada.ca\/wp-content\/uploads\/2025\/01\/image_2023_11_22T00_23_41_347Z-300x200.png 300w, https:\/\/nkdocanada.ca\/wp-content\/uploads\/2025\/01\/image_2023_11_22T00_23_41_347Z-768x513.png 768w, https:\/\/nkdocanada.ca\/wp-content\/uploads\/2025\/01\/image_2023_11_22T00_23_41_347Z-1536x1025.png 1536w, https:\/\/nkdocanada.ca\/wp-content\/uploads\/2025\/01\/image_2023_11_22T00_23_41_347Z-18x12.png 18w, https:\/\/nkdocanada.ca\/wp-content\/uploads\/2025\/01\/image_2023_11_22T00_23_41_347Z.png 2048w\" sizes=\"(max-width: 800px) 100vw, 800px\" \/>\t\t\t\t\t\t\t\t\t\t\t\t\t\t\t<\/div>\n\t\t\t\t<\/div>\n\t\t<div class=\"elementor-element elementor-element-78defd5 e-con-full e-flex e-con e-child\" data-id=\"78defd5\" data-element_type=\"container\" data-e-type=\"container\">\n\t\t\t\t<div class=\"elementor-element elementor-element-f201068 elementor-widget elementor-widget-text-editor\" data-id=\"f201068\" data-element_type=\"widget\" data-e-type=\"widget\" data-widget_type=\"text-editor.default\">\n\t\t\t\t\t\t\t\t\t<h2>Notre histoire<\/h2><p>Le NKDO Canada a vu le jour lorsque ses fondateurs, inspir\u00e9s par leurs exp\u00e9riences respectives, ont identifi\u00e9 le besoin d&rsquo;am\u00e9liorer le taux de dons de reins vivants au Canada.<\/p><p>Inspir\u00e9e par un TEDxTalk de Ned Brooks, donneur vivant et fondateur de NKDO USA, Olive Bensler, bas\u00e9e en Alberta, est devenue donneuse de rein vivante non dirig\u00e9e et l&rsquo;un de nos membres fondateurs.<\/p><p>Dans l&rsquo;est du Canada, la cofondatrice Susan Shefner \u00e9tait une receveuse de rein pleine d&rsquo;espoir, attendant son tour sur la longue liste d&rsquo;attente. La famille Shefner a \u00e9t\u00e9 pr\u00e9sent\u00e9e \u00e0 l&rsquo;\u00e9quipe am\u00e9ricaine du NKDO, qui lui a ouvert les yeux sur l&rsquo;id\u00e9e de se d\u00e9fendre en tant que receveur et lui a permis de parler avec des personnes qui avaient re\u00e7u des greffes de rein avec succ\u00e8s. Ces conversations ont redonn\u00e9 de l&rsquo;\u00e9nergie \u00e0 Susan et ont permis \u00e0 leur famille d&rsquo;esp\u00e9rer qu&rsquo;elle recevrait son rein, ce qui s&rsquo;est produit quelques mois plus tard. Susan, Barry et Tiffany ont \u00e9t\u00e9 tellement impressionn\u00e9s par le soutien qu&rsquo;ils ont re\u00e7u qu&rsquo;ils se sont donn\u00e9 pour mission de faire venir le NKDO au Canada.   <\/p><p>\u00c0 l&rsquo;autre bout du pays, Keith Landra \u00e9tait en train de faire un don de rein anonyme en Alberta. D\u00e9sireux d&rsquo;am\u00e9liorer encore le taux de don de rein et les r\u00e9sultats pour les Canadiens, Keith s&rsquo;est joint \u00e0 l&rsquo;association en tant que membre du conseil d&rsquo;administration fondateur. <\/p><p>Depuis, l&rsquo;\u00e9quipe s&rsquo;est agrandie et comprend un r\u00e9seau de personnes qui ont toutes \u00e9t\u00e9 touch\u00e9es d&rsquo;une mani\u00e8re ou d&rsquo;une autre par le don de rein. Ensemble, notre \u00e9quipe est passionn\u00e9e par les am\u00e9liorations \u00e0 apporter aux donneurs canadiens, aux receveurs et \u00e0 leurs r\u00e9seaux de soutien, tout en am\u00e9liorant le taux de dons de reins de donneurs vivants dans tout le pays. <\/p>\t\t\t\t\t\t\t\t<\/div>\n\t\t\t\t<\/div>\n\t\t\t\t\t<\/div>\n\t\t\t\t<\/div>\n\t\t<div class=\"elementor-element elementor-element-e91554b e-flex e-con-boxed e-con e-parent\" data-id=\"e91554b\" data-element_type=\"container\" data-e-type=\"container\">\n\t\t\t\t\t<div class=\"e-con-inner\">\n\t\t<div class=\"elementor-element elementor-element-2c62655 e-con-full e-flex e-con e-child\" data-id=\"2c62655\" data-element_type=\"container\" data-e-type=\"container\">\n\t\t\t\t<div class=\"elementor-element elementor-element-7ff3d33 elementor-widget elementor-widget-text-editor\" data-id=\"7ff3d33\" data-element_type=\"widget\" data-e-type=\"widget\" data-widget_type=\"text-editor.default\">\n\t\t\t\t\t\t\t\t\t<h3>Ellis Mirsky \u2013 NKDO US Liaison<\/h3><p>Ellis Mirsky est membre du conseil d&rsquo;administration de la National Kidney Donation Organization (\u00c9tats-Unis) et son conseiller juridique. Ellis a re\u00e7u une greffe de rein en 2017 et a consacr\u00e9 beaucoup de temps \u00e0 des activit\u00e9s b\u00e9n\u00e9voles dans divers domaines. Son travail consiste notamment \u00e0 aider les patients et les donneurs vivants \u00e0 comprendre le parcours de la transplantation r\u00e9nale et \u00e0 s&rsquo;y retrouver, ainsi qu&rsquo;\u00e0 am\u00e9liorer l&rsquo;acc\u00e8s \u00e0 l&rsquo;\u00e9ducation en mati\u00e8re de transplantation. Ellis a particip\u00e9 \u00e0 la cr\u00e9ation d&rsquo;une association locale \u00e0 but non lucratif qui organise des campagnes d&rsquo;enregistrement de donneurs d&rsquo;organes. Par ailleurs, M. Ellis si\u00e8ge au conseil d&rsquo;administration et \u00e0 divers comit\u00e9s de la New York Bar Foundation, l&rsquo;organisme de subvention de l&rsquo;association du barreau de New York qui finance des organisations de services juridiques \u00e0 but non lucratif dans l&rsquo;ensemble de l&rsquo;\u00c9tat. Il pratique \u00e9galement le droit \u00e0 New York.     <\/p>\t\t\t\t\t\t\t\t<\/div>\n\t\t\t\t<\/div>\n\t\t<div class=\"elementor-element elementor-element-6c2ffc1 e-con-full e-flex e-con e-child\" data-id=\"6c2ffc1\" data-element_type=\"container\" data-e-type=\"container\" data-settings=\"{&quot;background_background&quot;:&quot;classic&quot;}\">\n\t\t\t\t<div class=\"elementor-element elementor-element-00e3e09 elementor-widget elementor-widget-spacer\" data-id=\"00e3e09\" data-element_type=\"widget\" data-e-type=\"widget\" data-widget_type=\"spacer.default\">\n\t\t\t\t\t\t\t<div class=\"elementor-spacer\">\n\t\t\t<div class=\"elementor-spacer-inner\"><\/div>\n\t\t<\/div>\n\t\t\t\t\t\t<\/div>\n\t\t\t\t<\/div>\n\t\t\t\t\t<\/div>\n\t\t\t\t<\/div>\n\t\t<div class=\"elementor-element elementor-element-a0293f7 e-flex e-con-boxed e-con e-parent\" data-id=\"a0293f7\" data-element_type=\"container\" data-e-type=\"container\">\n\t\t\t\t\t<div class=\"e-con-inner\">\n\t\t\t\t<div class=\"elementor-element elementor-element-0e5681e elementor-widget elementor-widget-heading\" data-id=\"0e5681e\" data-element_type=\"widget\" data-e-type=\"widget\" data-widget_type=\"heading.default\">\n\t\t\t\t\t<h2 class=\"elementor-heading-title elementor-size-default\">Conseil d'administration<\/h2>\t\t\t\t<\/div>\n\t\t<div class=\"elementor-element elementor-element-18a877b e-grid e-con-full e-con e-child\" data-id=\"18a877b\" data-element_type=\"container\" data-e-type=\"container\">\n\t\t\t\t<div class=\"elementor-element elementor-element-6fb2513 elementor-widget elementor-widget-text-editor\" data-id=\"6fb2513\" data-element_type=\"widget\" data-e-type=\"widget\" data-widget_type=\"text-editor.default\">\n\t\t\t\t\t\t\t\t\t<h3>Tiffany Joseph \u2013 Pr\u00e9sidente<\/h3><p><br>Tiffany est cadre au sein du cabinet de conseil de Deloitte, sp\u00e9cialis\u00e9 dans le secteur de la sant\u00e9. Elle a plus de 14 ans d&rsquo;exp\u00e9rience en mati\u00e8re de strat\u00e9gie, de gestion de projet et d&rsquo;am\u00e9lioration des processus dans le secteur de la sant\u00e9. Elle est au service d&rsquo;une client\u00e8le diversifi\u00e9e dans le domaine des sciences de la vie et des soins de sant\u00e9, y compris des r\u00e9seaux d&rsquo;h\u00f4pitaux de renomm\u00e9e mondiale et des minist\u00e8res de la sant\u00e9. Lors du r\u00e9cent voyage de sa belle-m\u00e8re, qui a re\u00e7u un rein, Tiffany a rejoint son \u00e9quipe de soutien pour lancer une campagne \u00e0 la recherche d&rsquo;un donneur et a appris \u00e9norm\u00e9ment sur le processus. Tiffany apporte ses connaissances de l&rsquo;industrie, son sens aigu des affaires et sa connaissance du processus de transplantation \u00e0 son r\u00f4le au sein de NKDO Canada.    <\/p>\t\t\t\t\t\t\t\t<\/div>\n\t\t\t\t<div class=\"elementor-element elementor-element-5ea14f9 elementor-widget elementor-widget-image\" data-id=\"5ea14f9\" data-element_type=\"widget\" data-e-type=\"widget\" data-widget_type=\"image.default\">\n\t\t\t\t\t\t\t\t\t\t\t\t\t\t\t<img decoding=\"async\" width=\"500\" height=\"500\" src=\"https:\/\/nkdocanada.ca\/wp-content\/uploads\/2024\/12\/tiffany-removebg-preview.png\" class=\"attachment-large size-large wp-image-794\" alt=\"Tiffany Joseph\" srcset=\"https:\/\/nkdocanada.ca\/wp-content\/uploads\/2024\/12\/tiffany-removebg-preview.png 500w, https:\/\/nkdocanada.ca\/wp-content\/uploads\/2024\/12\/tiffany-removebg-preview-300x300.png 300w, https:\/\/nkdocanada.ca\/wp-content\/uploads\/2024\/12\/tiffany-removebg-preview-150x150.png 150w\" sizes=\"(max-width: 500px) 100vw, 500px\" \/>\t\t\t\t\t\t\t\t\t\t\t\t\t\t\t<\/div>\n\t\t\t\t<div class=\"elementor-element elementor-element-0660e70 elementor-widget elementor-widget-text-editor\" data-id=\"0660e70\" data-element_type=\"widget\" data-e-type=\"widget\" data-widget_type=\"text-editor.default\">\n\t\t\t\t\t\t\t\t\t<h3>Keith Landra &#8211; Vice-pr\u00e9sident<\/h3><p><br>Keith Landra est devenu un donneur de rein non dirig\u00e9 en f\u00e9vrier 2023 et se r\u00e9jouit de servir la communaut\u00e9 des donneurs de rein avec NKDO Canada. Sur le plan professionnel, Keith est ing\u00e9nieur chimiste et occupe actuellement le poste de chef de la s\u00e9curit\u00e9 \u00e0 l&rsquo;Organisme canadien de r\u00e9glementation de l&rsquo;\u00e9nergie. Sur le plan personnel, Keith et Margaret se sont mari\u00e9s en 1987 et il est fier d&rsquo;\u00eatre p\u00e8re et grand-p\u00e8re. Ses autres centres d&rsquo;int\u00e9r\u00eat sont le service dans son \u00c9glise, la p\u00eache, le camping, la moto et les sports m\u00e9caniques.   <\/p>\t\t\t\t\t\t\t\t<\/div>\n\t\t\t\t<div class=\"elementor-element elementor-element-0fc69ad elementor-widget elementor-widget-image\" data-id=\"0fc69ad\" data-element_type=\"widget\" data-e-type=\"widget\" data-widget_type=\"image.default\">\n\t\t\t\t\t\t\t\t\t\t\t\t\t\t\t<img decoding=\"async\" width=\"358\" height=\"393\" src=\"https:\/\/nkdocanada.ca\/wp-content\/uploads\/2024\/12\/V.P-removebg-preview.png\" class=\"attachment-large size-large wp-image-795\" alt=\"Keith Landra\" srcset=\"https:\/\/nkdocanada.ca\/wp-content\/uploads\/2024\/12\/V.P-removebg-preview.png 358w, https:\/\/nkdocanada.ca\/wp-content\/uploads\/2024\/12\/V.P-removebg-preview-273x300.png 273w\" sizes=\"(max-width: 358px) 100vw, 358px\" \/>\t\t\t\t\t\t\t\t\t\t\t\t\t\t\t<\/div>\n\t\t\t\t<div class=\"elementor-element elementor-element-2cc25e9 elementor-widget elementor-widget-text-editor\" data-id=\"2cc25e9\" data-element_type=\"widget\" data-e-type=\"widget\" data-widget_type=\"text-editor.default\">\n\t\t\t\t\t\t\t\t\t<h3>Barry Shefner &#8211; Tr\u00e9sorier<\/h3><p><br>Barry Shefner est un cadre de l&rsquo;immobilier et un philanthrope qui s&rsquo;int\u00e9resse vivement \u00e0 la promotion du don de rein apr\u00e8s avoir \u00e9t\u00e9 aux c\u00f4t\u00e9s de sa femme tout au long de son parcours de transplantation r\u00e9nale. Apr\u00e8s avoir poss\u00e9d\u00e9 et exploit\u00e9 une entreprise de distribution de produits sid\u00e9rurgiques et fond\u00e9 une grande soci\u00e9t\u00e9 de promotion immobili\u00e8re et de gestion immobili\u00e8re, Barry poss\u00e8de une grande exp\u00e9rience des affaires. L&rsquo;expertise de Barry dans le domaine des op\u00e9rations commerciales, son engagement aupr\u00e8s de nombreux organismes de bienfaisance et sans but lucratif et sa connaissance du processus de transplantation r\u00e9nale lui permettent de fournir \u00e0 NKDO Canada des renseignements pr\u00e9cieux.  <\/p>\t\t\t\t\t\t\t\t<\/div>\n\t\t\t\t<div class=\"elementor-element elementor-element-4aac91a elementor-widget elementor-widget-image\" data-id=\"4aac91a\" data-element_type=\"widget\" data-e-type=\"widget\" data-widget_type=\"image.default\">\n\t\t\t\t\t\t\t\t\t\t\t\t\t\t\t<img loading=\"lazy\" decoding=\"async\" width=\"341\" height=\"430\" src=\"https:\/\/nkdocanada.ca\/wp-content\/uploads\/2024\/12\/treasurer-removebg-preview-removebg-preview.png\" class=\"attachment-large size-large wp-image-796\" alt=\"Barry Shefner\" srcset=\"https:\/\/nkdocanada.ca\/wp-content\/uploads\/2024\/12\/treasurer-removebg-preview-removebg-preview.png 341w, https:\/\/nkdocanada.ca\/wp-content\/uploads\/2024\/12\/treasurer-removebg-preview-removebg-preview-238x300.png 238w\" sizes=\"(max-width: 341px) 100vw, 341px\" \/>\t\t\t\t\t\t\t\t\t\t\t\t\t\t\t<\/div>\n\t\t\t\t<div class=\"elementor-element elementor-element-b76773f elementor-widget elementor-widget-text-editor\" data-id=\"b76773f\" data-element_type=\"widget\" data-e-type=\"widget\" data-widget_type=\"text-editor.default\">\n\t\t\t\t\t\t\t\t\t<h3>Carole Gilman &#8211; Directrice du mentorat<\/h3><p><br>Carole Gilman est n\u00e9e et a grandi \u00e0 Brooklyn, dans l&rsquo;\u00c9tat de New York. Carole et son d\u00e9funt mari Burt se sont install\u00e9s \u00e0 Montr\u00e9al, ont eu deux fils extraordinaires et sont devenus de fiers citoyens canadiens. Sa t\u00e9nacit\u00e9 entrepreneuriale l&rsquo;a amen\u00e9e \u00e0 cr\u00e9er une entreprise de fabrication de bougies de luxe et de trousses de culture ici m\u00eame \u00e0 Montr\u00e9al pendant pr\u00e8s de quarante ans. Carole reste \u00e9galement active en pratiquant le tango, le tennis, la cuisine, le jardinage et en s&rsquo;occupant de ses deux petits-fils. Lorsque les reins de Burt ont commenc\u00e9 \u00e0 l\u00e2cher en raison d&rsquo;une amylo\u00efdose primaire, il est rest\u00e9 plus de deux ans sur une liste d&rsquo;attente pour une greffe, sans aucun donneur en vue. Devant la perspective de devoir bient\u00f4t commencer la dialyse, Carole et ses fils ont subi des tests de compatibilit\u00e9. Tous trois \u00e9taient des donneurs possibles, mais Carole a insist\u00e9 pour \u00eatre le donneur. En 2007, Burt a \u00e9t\u00e9 greff\u00e9 avec succ\u00e8s, ce qui lui a permis de passer treize ann\u00e9es merveilleuses avec sa famille. Carole a \u00e9t\u00e9 surprise de d\u00e9couvrir que les ressources et les soins postop\u00e9ratoires \u00e9taient presque enti\u00e8rement destin\u00e9s au receveur et qu&rsquo;un \u00ab\u00a0donneur sain\u00a0\u00bb ne recevait que des soins tr\u00e8s limit\u00e9s. Aujourd&rsquo;hui, nous comprenons mieux les besoins du donneur en mati\u00e8re de soutien \u00e9motionnel, physique et m\u00e9dical. Carole est ravie de travailler avec des familles qui envisagent de faire un don de rein vivant. Elle aime montrer aux gens que l&rsquo;on peut vivre longtemps, en bonne sant\u00e9 et pleinement avec un seul rein.           <\/p>\t\t\t\t\t\t\t\t<\/div>\n\t\t\t\t<div class=\"elementor-element elementor-element-01876d8 elementor-widget elementor-widget-image\" data-id=\"01876d8\" data-element_type=\"widget\" data-e-type=\"widget\" data-widget_type=\"image.default\">\n\t\t\t\t\t\t\t\t\t\t\t\t\t\t\t<img loading=\"lazy\" decoding=\"async\" width=\"406\" height=\"568\" src=\"https:\/\/nkdocanada.ca\/wp-content\/uploads\/2024\/12\/carole-2.png\" class=\"attachment-large size-large wp-image-797\" alt=\"Carole Gilman\" srcset=\"https:\/\/nkdocanada.ca\/wp-content\/uploads\/2024\/12\/carole-2.png 406w, https:\/\/nkdocanada.ca\/wp-content\/uploads\/2024\/12\/carole-2-214x300.png 214w\" sizes=\"(max-width: 406px) 100vw, 406px\" \/>\t\t\t\t\t\t\t\t\t\t\t\t\t\t\t<\/div>\n\t\t\t\t<div class=\"elementor-element elementor-element-72fc453 elementor-widget elementor-widget-text-editor\" data-id=\"72fc453\" data-element_type=\"widget\" data-e-type=\"widget\" data-widget_type=\"text-editor.default\">\n\t\t\t\t\t\t\t\t\t<h3>Lisa Emmott<\/h3><p><br>Lisa Emmott a r\u00e9pondu \u00e0 l&rsquo;appel pour donner un rein \u00e0 son mari Neil en 2017, jusqu&rsquo;\u00e0 ce qu&rsquo;un diagnostic surprise modifie ses plans et la vocation de sa vie. Au cours du processus d&rsquo;\u00e9valuation des donneurs de rein, elle apprend qu&rsquo;elle n&rsquo;est pas en mesure de faire un don en raison d&rsquo;une anomalie b\u00e9nigne de ses art\u00e8res r\u00e9nales. D\u00e9vast\u00e9e de se voir refuser la possibilit\u00e9 de donner un rein, elle s&rsquo;est rapidement mise \u00e0 la recherche d&rsquo;un autre donneur vivant compatible pour son mari. En fin de compte, son mari a \u00e9t\u00e9 transplant\u00e9 avec succ\u00e8s dans le cadre d&rsquo;un \u00e9change de reins par paires qui a permis de sauver huit vies \u00e0 travers les \u00c9tats-Unis, mais son rejet en tant que donneur potentiel de rein a servi de r\u00e9orientation massive vers la sensibilisation et la d\u00e9fense des droits des personnes atteintes de maladies r\u00e9nales. Dans l&rsquo;espoir d&rsquo;\u00e9duquer et d&rsquo;inspirer d&rsquo;autres personnes, elle a travaill\u00e9 sans rel\u00e2che pour partager leur parcours dans les m\u00e9dias grand public afin de dissiper le mythe selon lequel il faut \u00eatre \u00ab\u00a0compatible\u00a0\u00bb pour sauver la vie du receveur pr\u00e9vu. Lisa est aujourd&rsquo;hui directrice g\u00e9n\u00e9rale de la National Kidney Donation Organization.    <\/p>\t\t\t\t\t\t\t\t<\/div>\n\t\t\t\t<div class=\"elementor-element elementor-element-ef0133b elementor-widget elementor-widget-image\" data-id=\"ef0133b\" data-element_type=\"widget\" data-e-type=\"widget\" data-widget_type=\"image.default\">\n\t\t\t\t\t\t\t\t\t\t\t\t\t\t\t<img loading=\"lazy\" decoding=\"async\" width=\"356\" height=\"582\" src=\"https:\/\/nkdocanada.ca\/wp-content\/uploads\/2024\/12\/Untitled_design-removebg-preview.png\" class=\"attachment-large size-large wp-image-799\" alt=\"Lisa Emmott\" srcset=\"https:\/\/nkdocanada.ca\/wp-content\/uploads\/2024\/12\/Untitled_design-removebg-preview.png 356w, https:\/\/nkdocanada.ca\/wp-content\/uploads\/2024\/12\/Untitled_design-removebg-preview-184x300.png 184w\" sizes=\"(max-width: 356px) 100vw, 356px\" \/>\t\t\t\t\t\t\t\t\t\t\t\t\t\t\t<\/div>\n\t\t\t\t<div class=\"elementor-element elementor-element-1f47b6e elementor-widget elementor-widget-text-editor\" data-id=\"1f47b6e\" data-element_type=\"widget\" data-e-type=\"widget\" data-widget_type=\"text-editor.default\">\n\t\t\t\t\t\t\t\t\t<a name=\"susanshefner\"><\/a><h3>Susan Shefner &#8211; En m\u00e9moire<\/h3>\nSusan Shefner, membre fondateur du conseil d&rsquo;administration et greff\u00e9e d&rsquo;un rein, a \u00e9t\u00e9 motiv\u00e9e pour soutenir les donneurs et les receveurs gr\u00e2ce \u00e0 son engagement dans le NKDO Canada. La compr\u00e9hension qu&rsquo;a Susan de la multitude de d\u00e9fis auxquels sont confront\u00e9s les greff\u00e9s du rein, sa connaissance du syst\u00e8me canadien de transplantation et ses id\u00e9es sur la fa\u00e7on de naviguer dans le processus de transplantation r\u00e9nale ont \u00e9t\u00e9 des contributions extr\u00eamement pr\u00e9cieuses pour le NKDO Canada. Susan poss\u00e9dait des connaissances en marketing, des comp\u00e9tences interpersonnelles et de fortes capacit\u00e9s de prise de d\u00e9cision apr\u00e8s des carri\u00e8res r\u00e9ussies dans l&rsquo;industrie de la mode et dans l&rsquo;immobilier. Ces connaissances, ainsi que sa pers\u00e9v\u00e9rance et son contact avec diverses autres organisations caritatives, ont contribu\u00e9 \u00e0 lui donner un point de vue unique. Cette femme remarquable nous a quitt\u00e9s bien trop t\u00f4t, le 29 janvier 2025. Cependant, ses contributions continuent de vivre au sein du NKDO Canada.\t\t\t\t\t\t\t\t<\/div>\n\t\t\t\t<div class=\"elementor-element elementor-element-75ba3b3 elementor-widget elementor-widget-image\" data-id=\"75ba3b3\" data-element_type=\"widget\" data-e-type=\"widget\" data-widget_type=\"image.default\">\n\t\t\t\t\t\t\t\t\t\t\t\t\t\t\t<img loading=\"lazy\" decoding=\"async\" width=\"421\" height=\"538\" src=\"https:\/\/nkdocanada.ca\/wp-content\/uploads\/2024\/12\/susan-removebg-preview-removebg-preview.png\" class=\"attachment-large size-large wp-image-798\" alt=\"Susan Shefner\" srcset=\"https:\/\/nkdocanada.ca\/wp-content\/uploads\/2024\/12\/susan-removebg-preview-removebg-preview.png 421w, https:\/\/nkdocanada.ca\/wp-content\/uploads\/2024\/12\/susan-removebg-preview-removebg-preview-235x300.png 235w\" sizes=\"(max-width: 421px) 100vw, 421px\" \/>\t\t\t\t\t\t\t\t\t\t\t\t\t\t\t<\/div>\n\t\t\t\t<\/div>\n\t\t\t\t\t<\/div>\n\t\t\t\t<\/div>\n\t\t\t\t<\/div>\n\t\t","protected":false},"excerpt":{"rendered":"<p>Notre histoire Le NKDO Canada a vu le jour lorsque ses fondateurs, inspir\u00e9s par leurs exp\u00e9riences respectives, ont identifi\u00e9 le besoin d&rsquo;am\u00e9liorer le taux de dons de reins vivants au Canada. Inspir\u00e9e par un TEDxTalk de Ned Brooks, donneur vivant et fondateur de NKDO USA, Olive Bensler, bas\u00e9e en Alberta, est devenue donneuse de rein [&hellip;]<\/p>\n","protected":false},"author":2,"featured_media":819,"parent":0,"menu_order":0,"comment_status":"closed","ping_status":"closed","template":"","meta":{"footnotes":""},"class_list":["post-847","page","type-page","status-publish","has-post-thumbnail","hentry"],"_links":{"self":[{"href":"https:\/\/nkdocanada.ca\/fr\/wp-json\/wp\/v2\/pages\/847","targetHints":{"allow":["GET"]}}],"collection":[{"href":"https:\/\/nkdocanada.ca\/fr\/wp-json\/wp\/v2\/pages"}],"about":[{"href":"https:\/\/nkdocanada.ca\/fr\/wp-json\/wp\/v2\/types\/page"}],"author":[{"embeddable":true,"href":"https:\/\/nkdocanada.ca\/fr\/wp-json\/wp\/v2\/users\/2"}],"replies":[{"embeddable":true,"href":"https:\/\/nkdocanada.ca\/fr\/wp-json\/wp\/v2\/comments?post=847"}],"version-history":[{"count":2,"href":"https:\/\/nkdocanada.ca\/fr\/wp-json\/wp\/v2\/pages\/847\/revisions"}],"predecessor-version":[{"id":905,"href":"https:\/\/nkdocanada.ca\/fr\/wp-json\/wp\/v2\/pages\/847\/revisions\/905"}],"wp:featuredmedia":[{"embeddable":true,"href":"https:\/\/nkdocanada.ca\/fr\/wp-json\/wp\/v2\/media\/819"}],"wp:attachment":[{"href":"https:\/\/nkdocanada.ca\/fr\/wp-json\/wp\/v2\/media?parent=847"}],"curies":[{"name":"wp","href":"https:\/\/api.w.org\/{rel}","templated":true}]}}